{"id":33,"date":"2025-03-26T11:38:16","date_gmt":"2025-03-26T10:38:16","guid":{"rendered":"https:\/\/levoyagecommenceici.com\/index.php\/panier\/"},"modified":"2026-04-08T15:46:16","modified_gmt":"2026-04-08T13:46:16","slug":"panier","status":"publish","type":"page","link":"https:\/\/levoyagecommenceici.com\/index.php\/panier\/","title":{"rendered":"Panier"},"content":{"rendered":"\n<div data-block-name=\"woocommerce\/cart\" class=\"wp-block-woocommerce-cart alignwide is-loading\">\n<div data-block-name=\"woocommerce\/filled-cart-block\" class=\"wp-block-woocommerce-filled-cart-block\">\n<div data-block-name=\"woocommerce\/cart-items-block\" class=\"wp-block-woocommerce-cart-items-block\">\n<div data-block-name=\"woocommerce\/cart-line-items-block\" class=\"wp-block-woocommerce-cart-line-items-block\"><\/div>\n\n\n\n<div data-block-name=\"woocommerce\/cart-cross-sells-block\" class=\"wp-block-woocommerce-cart-cross-sells-block\">\n<h2 class=\"wp-block-heading has-large-font-size\">\u00c7a peut vous int\u00e9resser&#8230;<\/h2>\n\n\n\n<div data-block-name=\"woocommerce\/cart-cross-sells-products-block\" class=\"wp-block-woocommerce-cart-cross-sells-products-block\"><\/div>\n<\/div>\n<\/div>\n\n\n\n<div data-block-name=\"woocommerce\/cart-totals-block\" class=\"wp-block-woocommerce-cart-totals-block\">\n<div data-block-name=\"woocommerce\/cart-order-summary-block\" class=\"wp-block-woocommerce-cart-order-summary-block\">\n<div data-block-name=\"woocommerce\/cart-order-summary-heading-block\" data-content=\"Total panier\" class=\"wp-block-woocommerce-cart-order-summary-heading-block\"><\/div>\n\n\n\n<div data-block-name=\"woocommerce\/cart-order-summary-coupon-form-block\" class=\"wp-block-woocommerce-cart-order-summary-coupon-form-block\"><\/div>\n\n\n\n<div data-block-name=\"woocommerce\/cart-order-summary-totals-block\" class=\"wp-block-woocommerce-cart-order-summary-totals-block\">\n<div data-block-name=\"woocommerce\/cart-order-summary-subtotal-block\" class=\"wp-block-woocommerce-cart-order-summary-subtotal-block\"><\/div>\n\n\n\n<div data-block-name=\"woocommerce\/cart-order-summary-fee-block\" class=\"wp-block-woocommerce-cart-order-summary-fee-block\"><\/div>\n\n\n\n<div data-block-name=\"woocommerce\/cart-order-summary-discount-block\" class=\"wp-block-woocommerce-cart-order-summary-discount-block\"><\/div>\n\n\n\n<div data-block-name=\"woocommerce\/cart-order-summary-shipping-block\" class=\"wp-block-woocommerce-cart-order-summary-shipping-block\"><\/div>\n\n\n\n<div data-block-name=\"woocommerce\/cart-order-summary-taxes-block\" class=\"wp-block-woocommerce-cart-order-summary-taxes-block\"><\/div>\n<\/div>\n<\/div>\n\n\n\n<div data-block-name=\"woocommerce\/cart-express-payment-block\" class=\"wp-block-woocommerce-cart-express-payment-block\"><\/div>\n\n\n\n<div data-block-name=\"woocommerce\/proceed-to-checkout-block\" class=\"wp-block-woocommerce-proceed-to-checkout-block\"><\/div>\n\n\n\n<div data-block-name=\"woocommerce\/cart-accepted-payment-methods-block\" class=\"wp-block-woocommerce-cart-accepted-payment-methods-block\"><\/div>\n<\/div>\n<\/div>\n\n\n\n<div data-block-name=\"woocommerce\/empty-cart-block\" class=\"wp-block-woocommerce-empty-cart-block\">\n<h2 class=\"wp-block-heading has-text-align-center with-empty-cart-icon wc-block-cart__empty-cart__title\">Votre panier est actuellement vide&nbsp;!<\/h2>\n\n\n\n<hr class=\"wp-block-separator has-alpha-channel-opacity is-style-dots\"\/>\n\n\n\n<h2 class=\"wp-block-heading has-text-align-center\">Nouveau dans la boutique<\/h2>\n\n\n<div data-block-name=\"woocommerce\/product-new\" data-columns=\"4\" data-rows=\"1\" class=\"wc-block-grid wp-block-product-new wp-block-woocommerce-product-new wc-block-product-new has-4-columns\"><ul class=\"wc-block-grid__products\"><li class=\"wc-block-grid__product\">\n\t\t\t\t<a href=\"https:\/\/levoyagecommenceici.com\/index.php\/produit\/zanzibar\/\" class=\"wc-block-grid__product-link\">\n\t\t\t\t\t<div class=\"wc-block-grid__product-onsale\">\n\t\t\t<span aria-hidden=\"true\">Promo<\/span>\n\t\t\t<span class=\"screen-reader-text\">Produit en promotion<\/span>\n\t\t<\/div>\n\t\t\t\t\t<div class=\"wc-block-grid__product-image\"><img loading=\"lazy\" decoding=\"async\" width=\"300\" height=\"300\" src=\"https:\/\/levoyagecommenceici.com\/wp-content\/uploads\/2025\/07\/LVCI_boite-produit_zanzibar-300x300.jpg\" class=\"attachment-woocommerce_thumbnail size-woocommerce_thumbnail\" alt=\"Zanzibar\" srcset=\"https:\/\/levoyagecommenceici.com\/wp-content\/uploads\/2025\/07\/LVCI_boite-produit_zanzibar-300x300.jpg 300w, https:\/\/levoyagecommenceici.com\/wp-content\/uploads\/2025\/07\/LVCI_boite-produit_zanzibar-150x150.jpg 150w, https:\/\/levoyagecommenceici.com\/wp-content\/uploads\/2025\/07\/LVCI_boite-produit_zanzibar-140x140.jpg 140w, https:\/\/levoyagecommenceici.com\/wp-content\/uploads\/2025\/07\/LVCI_boite-produit_zanzibar-100x100.jpg 100w, https:\/\/levoyagecommenceici.com\/wp-content\/uploads\/2025\/07\/LVCI_boite-produit_zanzibar-500x500.jpg 500w, https:\/\/levoyagecommenceici.com\/wp-content\/uploads\/2025\/07\/LVCI_boite-produit_zanzibar-350x350.jpg 350w, https:\/\/levoyagecommenceici.com\/wp-content\/uploads\/2025\/07\/LVCI_boite-produit_zanzibar-1000x1000.jpg 1000w, https:\/\/levoyagecommenceici.com\/wp-content\/uploads\/2025\/07\/LVCI_boite-produit_zanzibar-800x800.jpg 800w\" sizes=\"auto, (max-width: 300px) 100vw, 300px\" \/><\/div>\n\t\t\t\t\t<div class=\"wc-block-grid__product-title\">Zanzibar<\/div>\n\t\t\t\t<\/a>\n\t\t\t\t<div class=\"wc-block-grid__product-price price\"><del aria-hidden=\"true\"><span class=\"woocommerce-Price-amount amount\">72,00&nbsp;<span class=\"woocommerce-Price-currencySymbol\">&euro;<\/span><\/span><\/del> <span class=\"screen-reader-text\">Le prix initial \u00e9tait\u00a0: 72,00&nbsp;&euro;.<\/span><ins aria-hidden=\"true\"><span class=\"woocommerce-Price-amount amount\">59,00&nbsp;<span class=\"woocommerce-Price-currencySymbol\">&euro;<\/span><\/span><\/ins><span class=\"screen-reader-text\">Le prix actuel est\u00a0: 59,00&nbsp;&euro;.<\/span><\/div>\n\t\t\t\t\n\t\t\t\t<div class=\"wp-block-button wc-block-grid__product-add-to-cart\"><a href=\"\/index.php\/wp-json\/wp\/v2\/pages\/33?add-to-cart=6435\" aria-label=\"Ajouter au panier\u00a0: &ldquo;Zanzibar&rdquo;\" data-quantity=\"1\" data-product_id=\"6435\" data-product_sku=\"\" data-price=\"59\" rel=\"nofollow\" class=\"wp-block-button__link  add_to_cart_button ajax_add_to_cart\">Ajouter au panier<\/a><\/div>\n\t\t\t<\/li><li class=\"wc-block-grid__product\">\n\t\t\t\t<a href=\"https:\/\/levoyagecommenceici.com\/index.php\/produit\/mykonos\/\" class=\"wc-block-grid__product-link\">\n\t\t\t\t\t<div class=\"wc-block-grid__product-onsale\">\n\t\t\t<span aria-hidden=\"true\">Promo<\/span>\n\t\t\t<span class=\"screen-reader-text\">Produit en promotion<\/span>\n\t\t<\/div>\n\t\t\t\t\t<div class=\"wc-block-grid__product-image\"><img loading=\"lazy\" decoding=\"async\" width=\"300\" height=\"300\" src=\"https:\/\/levoyagecommenceici.com\/wp-content\/uploads\/2025\/07\/LVCI_boite-produit_mykonos-300x300.jpg\" class=\"attachment-woocommerce_thumbnail size-woocommerce_thumbnail\" alt=\"Mykonos\" srcset=\"https:\/\/levoyagecommenceici.com\/wp-content\/uploads\/2025\/07\/LVCI_boite-produit_mykonos-300x300.jpg 300w, https:\/\/levoyagecommenceici.com\/wp-content\/uploads\/2025\/07\/LVCI_boite-produit_mykonos-150x150.jpg 150w, https:\/\/levoyagecommenceici.com\/wp-content\/uploads\/2025\/07\/LVCI_boite-produit_mykonos-140x140.jpg 140w, https:\/\/levoyagecommenceici.com\/wp-content\/uploads\/2025\/07\/LVCI_boite-produit_mykonos-100x100.jpg 100w, https:\/\/levoyagecommenceici.com\/wp-content\/uploads\/2025\/07\/LVCI_boite-produit_mykonos-500x500.jpg 500w, https:\/\/levoyagecommenceici.com\/wp-content\/uploads\/2025\/07\/LVCI_boite-produit_mykonos-350x350.jpg 350w, https:\/\/levoyagecommenceici.com\/wp-content\/uploads\/2025\/07\/LVCI_boite-produit_mykonos-1000x1000.jpg 1000w, https:\/\/levoyagecommenceici.com\/wp-content\/uploads\/2025\/07\/LVCI_boite-produit_mykonos-800x800.jpg 800w\" sizes=\"auto, (max-width: 300px) 100vw, 300px\" \/><\/div>\n\t\t\t\t\t<div class=\"wc-block-grid__product-title\">Mykonos<\/div>\n\t\t\t\t<\/a>\n\t\t\t\t<div class=\"wc-block-grid__product-price price\"><del aria-hidden=\"true\"><span class=\"woocommerce-Price-amount amount\">72,00&nbsp;<span class=\"woocommerce-Price-currencySymbol\">&euro;<\/span><\/span><\/del> <span class=\"screen-reader-text\">Le prix initial \u00e9tait\u00a0: 72,00&nbsp;&euro;.<\/span><ins aria-hidden=\"true\"><span class=\"woocommerce-Price-amount amount\">59,00&nbsp;<span class=\"woocommerce-Price-currencySymbol\">&euro;<\/span><\/span><\/ins><span class=\"screen-reader-text\">Le prix actuel est\u00a0: 59,00&nbsp;&euro;.<\/span><\/div>\n\t\t\t\t\n\t\t\t\t<div class=\"wp-block-button wc-block-grid__product-add-to-cart\"><a href=\"\/index.php\/wp-json\/wp\/v2\/pages\/33?add-to-cart=6433\" aria-label=\"Ajouter au panier\u00a0: &ldquo;Mykonos&rdquo;\" data-quantity=\"1\" data-product_id=\"6433\" data-product_sku=\"\" data-price=\"59\" rel=\"nofollow\" class=\"wp-block-button__link  add_to_cart_button ajax_add_to_cart\">Ajouter au panier<\/a><\/div>\n\t\t\t<\/li><li class=\"wc-block-grid__product\">\n\t\t\t\t<a href=\"https:\/\/levoyagecommenceici.com\/index.php\/produit\/honolulu\/\" class=\"wc-block-grid__product-link\">\n\t\t\t\t\t<div class=\"wc-block-grid__product-onsale\">\n\t\t\t<span aria-hidden=\"true\">Promo<\/span>\n\t\t\t<span class=\"screen-reader-text\">Produit en promotion<\/span>\n\t\t<\/div>\n\t\t\t\t\t<div class=\"wc-block-grid__product-image\"><img loading=\"lazy\" decoding=\"async\" width=\"300\" height=\"300\" src=\"https:\/\/levoyagecommenceici.com\/wp-content\/uploads\/2025\/07\/LVCI_boite-produit_honolulu-300x300.jpg\" class=\"attachment-woocommerce_thumbnail size-woocommerce_thumbnail\" alt=\"Honolulu\" srcset=\"https:\/\/levoyagecommenceici.com\/wp-content\/uploads\/2025\/07\/LVCI_boite-produit_honolulu-300x300.jpg 300w, https:\/\/levoyagecommenceici.com\/wp-content\/uploads\/2025\/07\/LVCI_boite-produit_honolulu-150x150.jpg 150w, https:\/\/levoyagecommenceici.com\/wp-content\/uploads\/2025\/07\/LVCI_boite-produit_honolulu-140x140.jpg 140w, https:\/\/levoyagecommenceici.com\/wp-content\/uploads\/2025\/07\/LVCI_boite-produit_honolulu-100x100.jpg 100w, https:\/\/levoyagecommenceici.com\/wp-content\/uploads\/2025\/07\/LVCI_boite-produit_honolulu-500x500.jpg 500w, https:\/\/levoyagecommenceici.com\/wp-content\/uploads\/2025\/07\/LVCI_boite-produit_honolulu-350x350.jpg 350w, https:\/\/levoyagecommenceici.com\/wp-content\/uploads\/2025\/07\/LVCI_boite-produit_honolulu-1000x1000.jpg 1000w, https:\/\/levoyagecommenceici.com\/wp-content\/uploads\/2025\/07\/LVCI_boite-produit_honolulu-800x800.jpg 800w\" sizes=\"auto, (max-width: 300px) 100vw, 300px\" \/><\/div>\n\t\t\t\t\t<div class=\"wc-block-grid__product-title\">Honolulu<\/div>\n\t\t\t\t<\/a>\n\t\t\t\t<div class=\"wc-block-grid__product-price price\"><del aria-hidden=\"true\"><span class=\"woocommerce-Price-amount amount\">72,00&nbsp;<span class=\"woocommerce-Price-currencySymbol\">&euro;<\/span><\/span><\/del> <span class=\"screen-reader-text\">Le prix initial \u00e9tait\u00a0: 72,00&nbsp;&euro;.<\/span><ins aria-hidden=\"true\"><span class=\"woocommerce-Price-amount amount\">59,00&nbsp;<span class=\"woocommerce-Price-currencySymbol\">&euro;<\/span><\/span><\/ins><span class=\"screen-reader-text\">Le prix actuel est\u00a0: 59,00&nbsp;&euro;.<\/span><\/div>\n\t\t\t\t\n\t\t\t\t<div class=\"wp-block-button wc-block-grid__product-add-to-cart\"><a href=\"\/index.php\/wp-json\/wp\/v2\/pages\/33?add-to-cart=6432\" aria-label=\"Ajouter au panier\u00a0: &ldquo;Honolulu&rdquo;\" data-quantity=\"1\" data-product_id=\"6432\" data-product_sku=\"\" data-price=\"59\" rel=\"nofollow\" class=\"wp-block-button__link  add_to_cart_button ajax_add_to_cart\">Ajouter au panier<\/a><\/div>\n\t\t\t<\/li><li class=\"wc-block-grid__product\">\n\t\t\t\t<a href=\"https:\/\/levoyagecommenceici.com\/index.php\/produit\/box-mensuelle\/\" class=\"wc-block-grid__product-link\">\n\t\t\t\t\t\n\t\t\t\t\t<div class=\"wc-block-grid__product-image\"><img loading=\"lazy\" decoding=\"async\" width=\"300\" height=\"300\" src=\"https:\/\/levoyagecommenceici.com\/wp-content\/uploads\/2025\/07\/LVCI_melange-boite_2-300x300.jpg\" class=\"attachment-woocommerce_thumbnail size-woocommerce_thumbnail\" alt=\"Le Voyage Mensuel\" srcset=\"https:\/\/levoyagecommenceici.com\/wp-content\/uploads\/2025\/07\/LVCI_melange-boite_2-300x300.jpg 300w, https:\/\/levoyagecommenceici.com\/wp-content\/uploads\/2025\/07\/LVCI_melange-boite_2-150x150.jpg 150w, https:\/\/levoyagecommenceici.com\/wp-content\/uploads\/2025\/07\/LVCI_melange-boite_2-140x140.jpg 140w, https:\/\/levoyagecommenceici.com\/wp-content\/uploads\/2025\/07\/LVCI_melange-boite_2-100x100.jpg 100w, https:\/\/levoyagecommenceici.com\/wp-content\/uploads\/2025\/07\/LVCI_melange-boite_2-500x500.jpg 500w, https:\/\/levoyagecommenceici.com\/wp-content\/uploads\/2025\/07\/LVCI_melange-boite_2-350x350.jpg 350w, https:\/\/levoyagecommenceici.com\/wp-content\/uploads\/2025\/07\/LVCI_melange-boite_2-1000x1000.jpg 1000w, https:\/\/levoyagecommenceici.com\/wp-content\/uploads\/2025\/07\/LVCI_melange-boite_2-800x800.jpg 800w\" sizes=\"auto, (max-width: 300px) 100vw, 300px\" \/><\/div>\n\t\t\t\t\t<div class=\"wc-block-grid__product-title\">Le Voyage Mensuel<\/div>\n\t\t\t\t<\/a>\n\t\t\t\t<div class=\"wc-block-grid__product-price price\"><span class=\"woocommerce-Price-amount amount\">749,00&nbsp;<span class=\"woocommerce-Price-currencySymbol\">&euro;<\/span><\/span><\/div>\n\t\t\t\t\n\t\t\t\t<div class=\"wp-block-button wc-block-grid__product-add-to-cart\"><a href=\"\/index.php\/wp-json\/wp\/v2\/pages\/33?add-to-cart=6083\" aria-label=\"Ajouter au panier\u00a0: &ldquo;Le Voyage Mensuel&rdquo;\" data-quantity=\"1\" data-product_id=\"6083\" data-product_sku=\"\" data-price=\"749\" rel=\"nofollow\" class=\"wp-block-button__link  add_to_cart_button ajax_add_to_cart\">Ajouter au panier<\/a><\/div>\n\t\t\t<\/li><\/ul><\/div><\/div>\n<\/div>\n","protected":false},"excerpt":{"rendered":"\u00c7a peut vous int\u00e9resser... Votre panier est actuellement vide&nbsp;! Nouveau dans la boutique","protected":false},"author":3,"featured_media":0,"parent":0,"menu_order":0,"comment_status":"closed","ping_status":"closed","template":"","meta":{"inline_featured_image":false,"footnotes":""},"class_list":["post-33","page","type-page","status-publish"],"yoast_head":"<!-- This site is optimized with the Yoast SEO plugin v27.3 - https:\/\/yoast.com\/product\/yoast-seo-wordpress\/ -->\n<title>Panier - LVCI<\/title>\n<meta name=\"description\" content=\"Voici le r\u00e9capitulatif de votre panier. Modifiez vos articles, v\u00e9rifiez les quantit\u00e9s et passez \u00e0 la validation de commande.\" \/>\n<meta name=\"robots\" content=\"index, follow, max-snippet:-1, max-image-preview:large, max-video-preview:-1\" \/>\n<link rel=\"canonical\" href=\"https:\/\/levoyagecommenceici.com\/index.php\/panier\/\" \/>\n<meta property=\"og:locale\" content=\"fr_FR\" \/>\n<meta property=\"og:type\" content=\"article\" \/>\n<meta property=\"og:title\" content=\"Panier - LVCI\" \/>\n<meta property=\"og:description\" content=\"Voici le r\u00e9capitulatif de votre panier. Modifiez vos articles, v\u00e9rifiez les quantit\u00e9s et passez \u00e0 la validation de commande.\" \/>\n<meta property=\"og:url\" content=\"https:\/\/levoyagecommenceici.com\/index.php\/panier\/\" \/>\n<meta property=\"og:site_name\" content=\"LVCI\" \/>\n<meta property=\"article:modified_time\" content=\"2026-04-08T13:46:16+00:00\" \/>\n<meta property=\"og:image\" content=\"https:\/\/levoyagecommenceici.com\/wp-content\/uploads\/2025\/05\/cropped-LVCI_logo-ref.png\" \/>\n\t<meta property=\"og:image:width\" content=\"512\" \/>\n\t<meta property=\"og:image:height\" content=\"512\" \/>\n\t<meta property=\"og:image:type\" content=\"image\/png\" \/>\n<meta name=\"twitter:card\" content=\"summary_large_image\" \/>\n<meta name=\"twitter:label1\" content=\"Dur\u00e9e de lecture estim\u00e9e\" \/>\n\t<meta name=\"twitter:data1\" content=\"1 minute\" \/>\n<script type=\"application\/ld+json\" class=\"yoast-schema-graph\">{\"@context\":\"https:\\\/\\\/schema.org\",\"@graph\":[{\"@type\":\"WebPage\",\"@id\":\"https:\\\/\\\/levoyagecommenceici.com\\\/index.php\\\/panier\\\/\",\"url\":\"https:\\\/\\\/levoyagecommenceici.com\\\/index.php\\\/panier\\\/\",\"name\":\"Panier - LVCI\",\"isPartOf\":{\"@id\":\"https:\\\/\\\/levoyagecommenceici.com\\\/#website\"},\"datePublished\":\"2025-03-26T10:38:16+00:00\",\"dateModified\":\"2026-04-08T13:46:16+00:00\",\"description\":\"Voici le r\u00e9capitulatif de votre panier. Modifiez vos articles, v\u00e9rifiez les quantit\u00e9s et passez \u00e0 la validation de commande.\",\"breadcrumb\":{\"@id\":\"https:\\\/\\\/levoyagecommenceici.com\\\/index.php\\\/panier\\\/#breadcrumb\"},\"inLanguage\":\"fr-FR\",\"potentialAction\":[{\"@type\":\"ReadAction\",\"target\":[\"https:\\\/\\\/levoyagecommenceici.com\\\/index.php\\\/panier\\\/\"]}]},{\"@type\":\"BreadcrumbList\",\"@id\":\"https:\\\/\\\/levoyagecommenceici.com\\\/index.php\\\/panier\\\/#breadcrumb\",\"itemListElement\":[{\"@type\":\"ListItem\",\"position\":1,\"name\":\"Accueil\",\"item\":\"https:\\\/\\\/levoyagecommenceici.com\\\/\"},{\"@type\":\"ListItem\",\"position\":2,\"name\":\"Panier\"}]},{\"@type\":\"WebSite\",\"@id\":\"https:\\\/\\\/levoyagecommenceici.com\\\/#website\",\"url\":\"https:\\\/\\\/levoyagecommenceici.com\\\/\",\"name\":\"LVCI\",\"description\":\"Le Voyage Commence ICI\",\"potentialAction\":[{\"@type\":\"SearchAction\",\"target\":{\"@type\":\"EntryPoint\",\"urlTemplate\":\"https:\\\/\\\/levoyagecommenceici.com\\\/?s={search_term_string}\"},\"query-input\":{\"@type\":\"PropertyValueSpecification\",\"valueRequired\":true,\"valueName\":\"search_term_string\"}}],\"inLanguage\":\"fr-FR\"}]}<\/script>\n<!-- \/ Yoast SEO plugin. -->","yoast_head_json":{"title":"Panier - LVCI","description":"Voici le r\u00e9capitulatif de votre panier. Modifiez vos articles, v\u00e9rifiez les quantit\u00e9s et passez \u00e0 la validation de commande.","robots":{"index":"index","follow":"follow","max-snippet":"max-snippet:-1","max-image-preview":"max-image-preview:large","max-video-preview":"max-video-preview:-1"},"canonical":"https:\/\/levoyagecommenceici.com\/index.php\/panier\/","og_locale":"fr_FR","og_type":"article","og_title":"Panier - LVCI","og_description":"Voici le r\u00e9capitulatif de votre panier. Modifiez vos articles, v\u00e9rifiez les quantit\u00e9s et passez \u00e0 la validation de commande.","og_url":"https:\/\/levoyagecommenceici.com\/index.php\/panier\/","og_site_name":"LVCI","article_modified_time":"2026-04-08T13:46:16+00:00","og_image":[{"width":512,"height":512,"url":"https:\/\/levoyagecommenceici.com\/wp-content\/uploads\/2025\/05\/cropped-LVCI_logo-ref.png","type":"image\/png"}],"twitter_card":"summary_large_image","twitter_misc":{"Dur\u00e9e de lecture estim\u00e9e":"1 minute"},"schema":{"@context":"https:\/\/schema.org","@graph":[{"@type":"WebPage","@id":"https:\/\/levoyagecommenceici.com\/index.php\/panier\/","url":"https:\/\/levoyagecommenceici.com\/index.php\/panier\/","name":"Panier - LVCI","isPartOf":{"@id":"https:\/\/levoyagecommenceici.com\/#website"},"datePublished":"2025-03-26T10:38:16+00:00","dateModified":"2026-04-08T13:46:16+00:00","description":"Voici le r\u00e9capitulatif de votre panier. Modifiez vos articles, v\u00e9rifiez les quantit\u00e9s et passez \u00e0 la validation de commande.","breadcrumb":{"@id":"https:\/\/levoyagecommenceici.com\/index.php\/panier\/#breadcrumb"},"inLanguage":"fr-FR","potentialAction":[{"@type":"ReadAction","target":["https:\/\/levoyagecommenceici.com\/index.php\/panier\/"]}]},{"@type":"BreadcrumbList","@id":"https:\/\/levoyagecommenceici.com\/index.php\/panier\/#breadcrumb","itemListElement":[{"@type":"ListItem","position":1,"name":"Accueil","item":"https:\/\/levoyagecommenceici.com\/"},{"@type":"ListItem","position":2,"name":"Panier"}]},{"@type":"WebSite","@id":"https:\/\/levoyagecommenceici.com\/#website","url":"https:\/\/levoyagecommenceici.com\/","name":"LVCI","description":"Le Voyage Commence ICI","potentialAction":[{"@type":"SearchAction","target":{"@type":"EntryPoint","urlTemplate":"https:\/\/levoyagecommenceici.com\/?s={search_term_string}"},"query-input":{"@type":"PropertyValueSpecification","valueRequired":true,"valueName":"search_term_string"}}],"inLanguage":"fr-FR"}]}},"jetpack_sharing_enabled":true,"_links":{"self":[{"href":"https:\/\/levoyagecommenceici.com\/index.php\/wp-json\/wp\/v2\/pages\/33","targetHints":{"allow":["GET"]}}],"collection":[{"href":"https:\/\/levoyagecommenceici.com\/index.php\/wp-json\/wp\/v2\/pages"}],"about":[{"href":"https:\/\/levoyagecommenceici.com\/index.php\/wp-json\/wp\/v2\/types\/page"}],"author":[{"embeddable":true,"href":"https:\/\/levoyagecommenceici.com\/index.php\/wp-json\/wp\/v2\/users\/3"}],"replies":[{"embeddable":true,"href":"https:\/\/levoyagecommenceici.com\/index.php\/wp-json\/wp\/v2\/comments?post=33"}],"version-history":[{"count":3,"href":"https:\/\/levoyagecommenceici.com\/index.php\/wp-json\/wp\/v2\/pages\/33\/revisions"}],"predecessor-version":[{"id":6304,"href":"https:\/\/levoyagecommenceici.com\/index.php\/wp-json\/wp\/v2\/pages\/33\/revisions\/6304"}],"wp:attachment":[{"href":"https:\/\/levoyagecommenceici.com\/index.php\/wp-json\/wp\/v2\/media?parent=33"}],"curies":[{"name":"wp","href":"https:\/\/api.w.org\/{rel}","templated":true}]}}