{"id":6177,"date":"2025-04-17T06:20:52","date_gmt":"2025-04-17T04:20:52","guid":{"rendered":"https:\/\/levoyagecommenceici.com\/?page_id=6177"},"modified":"2025-12-13T11:34:05","modified_gmt":"2025-12-13T10:34:05","slug":"conditions-generales-dutilisation","status":"publish","type":"page","link":"https:\/\/levoyagecommenceici.com\/index.php\/conditions-generales-dutilisation\/","title":{"rendered":"conditions g\u00e9n\u00e9rales d&rsquo;utilisation"},"content":{"rendered":"[vc_row type=\u00a0\u00bbin_container\u00a0\u00bb full_screen_row_position=\u00a0\u00bbmiddle\u00a0\u00bb column_margin=\u00a0\u00bbdefault\u00a0\u00bb column_direction=\u00a0\u00bbdefault\u00a0\u00bb column_direction_tablet=\u00a0\u00bbdefault\u00a0\u00bb column_direction_phone=\u00a0\u00bbdefault\u00a0\u00bb scene_position=\u00a0\u00bbcenter\u00a0\u00bb text_color=\u00a0\u00bbdark\u00a0\u00bb text_align=\u00a0\u00bbleft\u00a0\u00bb row_border_radius=\u00a0\u00bbnone\u00a0\u00bb row_border_radius_applies=\u00a0\u00bbbg\u00a0\u00bb overflow=\u00a0\u00bbvisible\u00a0\u00bb overlay_strength=\u00a0\u00bb0.3&Prime; gradient_direction=\u00a0\u00bbleft_to_right\u00a0\u00bb shape_divider_position=\u00a0\u00bbbottom\u00a0\u00bb bg_image_animation=\u00a0\u00bbnone\u00a0\u00bb][vc_column column_padding=\u00a0\u00bbno-extra-padding\u00a0\u00bb column_padding_tablet=\u00a0\u00bbinherit\u00a0\u00bb column_padding_phone=\u00a0\u00bbinherit\u00a0\u00bb column_padding_position=\u00a0\u00bball\u00a0\u00bb column_element_direction_desktop=\u00a0\u00bbdefault\u00a0\u00bb column_element_spacing=\u00a0\u00bbdefault\u00a0\u00bb desktop_text_alignment=\u00a0\u00bbdefault\u00a0\u00bb tablet_text_alignment=\u00a0\u00bbdefault\u00a0\u00bb phone_text_alignment=\u00a0\u00bbdefault\u00a0\u00bb background_color_opacity=\u00a0\u00bb1&Prime; background_hover_color_opacity=\u00a0\u00bb1&Prime; column_backdrop_filter=\u00a0\u00bbnone\u00a0\u00bb column_shadow=\u00a0\u00bbnone\u00a0\u00bb column_border_radius=\u00a0\u00bbnone\u00a0\u00bb column_link_target=\u00a0\u00bb_self\u00a0\u00bb column_position=\u00a0\u00bbdefault\u00a0\u00bb gradient_direction=\u00a0\u00bbleft_to_right\u00a0\u00bb overlay_strength=\u00a0\u00bb0.3&Prime; width=\u00a0\u00bb1\/1&Prime; tablet_width_inherit=\u00a0\u00bbdefault\u00a0\u00bb animation_type=\u00a0\u00bbdefault\u00a0\u00bb bg_image_animation=\u00a0\u00bbnone\u00a0\u00bb border_type=\u00a0\u00bbsimple\u00a0\u00bb column_border_width=\u00a0\u00bbnone\u00a0\u00bb column_border_style=\u00a0\u00bbsolid\u00a0\u00bb][vc_column_text css=\u00a0\u00bb\u00a0\u00bb text_direction=\u00a0\u00bbdefault\u00a0\u00bb]\n<h1 style=\"text-align: center;\">conditions g\u00e9n\u00e9rales d&rsquo;utilisation<\/h1>\n[\/vc_column_text][vc_column_text css=\u00a0\u00bb\u00a0\u00bb text_direction=\u00a0\u00bbdefault\u00a0\u00bb]Derni\u00e8re mise \u00e0 jour : Avril 2025<\/p>\n<p><span style=\"font-weight: 400;\">Les pr\u00e9sentes Conditions G\u00e9n\u00e9rales d\u2019Utilisation, ont pour objet de d\u00e9finir les modalit\u00e9s d\u2019acc\u00e8s et d\u2019utilisation du site internet<\/span><a href=\"about:blank\"> <span style=\"font-weight: 400;\">www.levoyagecommenceici.com<\/span><\/a><span style=\"font-weight: 400;\">, \u00e9dit\u00e9 par LVCI SAS, au capital de 1000 euros, immatricul\u00e9e au RCS de Lille M\u00e9tropole sous le num\u00e9ro 942 605 833 dont le si\u00e8ge social est situ\u00e9 \u00e0 la R\u00e9sidence de Flandres, Avenue de Flandres \u00e0 Croix.<\/span><span style=\"font-weight: 400;\"><br \/>\n<\/span><span style=\"font-weight: 400;\">Email : <\/span><a href=\"mailto:levoyagecommenceici@gmail.com\"><span style=\"font-weight: 400;\">levoyagecommenceici@gmail.com<\/span><\/a><span style=\"font-weight: 400;\">\u00a0\u00a0<\/span><\/p>\n<p><span style=\"font-weight: 400;\">En naviguant sur le Site, l\u2019utilisateur, accepte sans r\u00e9serve les pr\u00e9sentes CGU.<\/span><\/p>\n<hr \/>\n<h3><b>1. Objet du Site<\/b><\/h3>\n<p><span style=\"font-weight: 400;\">Le Site permet \u00e0 l\u2019Utilisateur de :<\/span><\/p>\n<ul>\n<li style=\"font-weight: 400;\" aria-level=\"1\"><span style=\"font-weight: 400;\">d\u00e9couvrir l\u2019univers et les collections de bougies parfum\u00e9es de LE VOYAGE COMMENCE ICI ;<\/span><\/li>\n<li style=\"font-weight: 400;\" aria-level=\"1\"><span style=\"font-weight: 400;\">consulter des informations produits et des contenus \u00e9ditoriaux ;<\/span><\/li>\n<li style=\"font-weight: 400;\" aria-level=\"1\"><span style=\"font-weight: 400;\">acheter des produits propos\u00e9s \u00e0 la vente ;<\/span><span style=\"font-weight: 400;\"><br \/>\n<\/span><span style=\"font-weight: 400;\">cr\u00e9er et g\u00e9rer un compte client ;<\/span><\/li>\n<li style=\"font-weight: 400;\" aria-level=\"1\"><span style=\"font-weight: 400;\">contacter notre service client.<\/span><span style=\"font-weight: 400;\"><br \/>\n<\/span><\/li>\n<\/ul>\n<hr \/>\n<h3><b>2. Acc\u00e8s au Site<\/b><\/h3>\n<p><span style=\"font-weight: 400;\">L\u2019acc\u00e8s au Site est libre et gratuit, sans inscription pr\u00e9alable. Toutefois, certaines fonctionnalit\u00e9s (commande, suivi de commande, wishlist&#8230;) n\u00e9cessitent la cr\u00e9ation d\u2019un compte personnel.<\/span><\/p>\n<p><span style=\"font-weight: 400;\">Le Site est accessible 24h\/24 et 7j\/7, sauf interruption pour maintenance ou cas de force majeure. LVCI ne saurait \u00eatre tenue responsable en cas d\u2019indisponibilit\u00e9 temporaire du Site.<\/span><\/p>\n<hr \/>\n<h3><b>3. Compte utilisateur<\/b><\/h3>\n<p><span style=\"font-weight: 400;\">La cr\u00e9ation d\u2019un compte client n\u00e9cessite de fournir des informations exactes, compl\u00e8tes et \u00e0 jour. L\u2019Utilisateur s\u2019engage \u00e0 modifier ses informations si n\u00e9cessaire.<\/span><\/p>\n<p><span style=\"font-weight: 400;\">L\u2019Utilisateur est responsable de la confidentialit\u00e9 de ses identifiants de connexion et de toute action r\u00e9alis\u00e9e via son compte. En cas d\u2019utilisation frauduleuse, il doit imm\u00e9diatement contacter le service client.<\/span><\/p>\n<p><span style=\"font-weight: 400;\">LVCI se r\u00e9serve le droit de suspendre ou de supprimer tout compte en cas de non-respect des pr\u00e9sentes CGU ou d\u2019activit\u00e9 illicite.<\/span><\/p>\n<hr \/>\n<h3><b>4. Propri\u00e9t\u00e9 intellectuelle<\/b><\/h3>\n<p><span style=\"font-weight: 400;\">Tous les \u00e9l\u00e9ments du Site (textes, images, illustrations, vid\u00e9os, logos, marque, code source&#8230;) sont la propri\u00e9t\u00e9 exclusive de LVCI ou de ses partenaires.<\/span><span style=\"font-weight: 400;\"><br \/>\n<\/span><span style=\"font-weight: 400;\"> Toute reproduction, repr\u00e9sentation, adaptation, modification ou exploitation, m\u00eame partielle, est strictement interdite sans autorisation \u00e9crite pr\u00e9alable.<\/span><\/p>\n<hr \/>\n<h3><b>5. Donn\u00e9es personnelles<\/b><\/h3>\n<p><span style=\"font-weight: 400;\">Les donn\u00e9es personnelles collect\u00e9es sur le Site sont trait\u00e9es conform\u00e9ment \u00e0 notre <\/span><a href=\"https:\/\/levoyagecommenceici.com\/index.php\/politique-de-confidentialite\/\" target=\"_blank\" rel=\"noopener\"><span style=\"font-weight: 400;\">Politique de confidentialit\u00e9<\/span><\/a><span style=\"font-weight: 400;\">, accessible \u00e0 tout moment sur le Site.<\/span><\/p>\n<hr \/>\n<h3><b>6. Cookies<\/b><\/h3>\n<p><span style=\"font-weight: 400;\">Le Site utilise des cookies pour am\u00e9liorer l\u2019exp\u00e9rience de navigation, r\u00e9aliser des statistiques de fr\u00e9quentation et proposer des contenus personnalis\u00e9s. Pour en savoir plus, consultez notre<\/span><span style=\"font-weight: 400;\"><a href=\"https:\/\/levoyagecommenceici.com\/index.php\/politique-relative-aux-cookies\/\" target=\"_blank\" rel=\"noopener\"> Politique relative aux cookies<\/a>.<\/span><\/p>\n<hr \/>\n<h3><b>7. Comportement des utilisateurs<\/b><\/h3>\n<p><span style=\"font-weight: 400;\">L\u2019Utilisateur s\u2019engage \u00e0 utiliser le Site de mani\u00e8re responsable, loyale et en conformit\u00e9 avec la loi. Il lui est interdit notamment :<\/span><\/p>\n<ul>\n<li style=\"font-weight: 400;\" aria-level=\"1\"><span style=\"font-weight: 400;\">d\u2019interf\u00e9rer avec le bon fonctionnement du Site ;<\/span><\/li>\n<li style=\"font-weight: 400;\" aria-level=\"1\"><span style=\"font-weight: 400;\">d\u2019usurper l\u2019identit\u00e9 d\u2019un tiers ;<\/span><\/li>\n<li style=\"font-weight: 400;\" aria-level=\"1\"><span style=\"font-weight: 400;\">d\u2019introduire des contenus malveillants ou illicites (virus, propos haineux, spam, etc.).<\/span><\/li>\n<\/ul>\n<hr \/>\n<h3><b>8. Responsabilit\u00e9<\/b><\/h3>\n<p><span style=\"font-weight: 400;\">LVCI met en \u0153uvre tous les moyens raisonnables pour assurer l\u2019exactitude des informations publi\u00e9es sur le Site. Toutefois, elle ne saurait \u00eatre tenue responsable :<\/span><\/p>\n<ul>\n<li style=\"font-weight: 400;\" aria-level=\"1\"><span style=\"font-weight: 400;\">des erreurs, omissions ou inexactitudes ;<\/span><\/li>\n<li style=\"font-weight: 400;\" aria-level=\"1\"><span style=\"font-weight: 400;\">des dommages directs ou indirects li\u00e9s \u00e0 l\u2019utilisation du Site ;<\/span><\/li>\n<li style=\"font-weight: 400;\" aria-level=\"1\"><span style=\"font-weight: 400;\">du contenu des sites tiers accessibles via un lien hypertexte.<\/span><span style=\"font-weight: 400;\"><br \/>\n<\/span><\/li>\n<\/ul>\n<hr \/>\n<h3><b>9. Liens hypertextes<\/b><\/h3>\n<p><span style=\"font-weight: 400;\">Le Site peut contenir des liens vers d\u2019autres sites internet. LVCI d\u00e9cline toute responsabilit\u00e9 quant au contenu ou aux pratiques de confidentialit\u00e9 de ces sites.<\/span><\/p>\n<hr \/>\n<h3><b>10. Modification des CGU<\/b><\/h3>\n<p><span style=\"font-weight: 400;\">Les pr\u00e9sentes CGU peuvent \u00eatre modifi\u00e9es \u00e0 tout moment. Les utilisateurs sont invit\u00e9s \u00e0 les consulter <a href=\"https:\/\/www.instagram.com\/levoyagecommence.ici\/\" target=\"_blank\" rel=\"noopener\">r\u00e9guli\u00e8rement<\/a>. En continuant \u00e0 utiliser le Site apr\u00e8s la mise \u00e0 jour, l\u2019Utilisateur est r\u00e9put\u00e9 accepter les nouvelles conditions.<\/span><\/p>\n<hr \/>\n<h3><b>11. Loi applicable<\/b><\/h3>\n<p><span style=\"font-weight: 400;\">Les pr\u00e9sentes CGU sont r\u00e9gies par le droit fran\u00e7ais. En cas de litige, les tribunaux fran\u00e7ais seront seuls comp\u00e9tents.<\/span>[\/vc_column_text][\/vc_column][\/vc_row]\n","protected":false},"excerpt":{"rendered":"<p>[vc_row type=\u00a0\u00bbin_container\u00a0\u00bb full_screen_row_position=\u00a0\u00bbmiddle\u00a0\u00bb column_margin=\u00a0\u00bbdefault\u00a0\u00bb column_direction=\u00a0\u00bbdefault\u00a0\u00bb column_direction_tablet=\u00a0\u00bbdefault\u00a0\u00bb column_direction_phone=\u00a0\u00bbdefault\u00a0\u00bb scene_position=\u00a0\u00bbcenter\u00a0\u00bb text_color=\u00a0\u00bbdark\u00a0\u00bb text_align=\u00a0\u00bbleft\u00a0\u00bb row_border_radius=\u00a0\u00bbnone\u00a0\u00bb row_border_radius_applies=\u00a0\u00bbbg\u00a0\u00bb overflow=\u00a0\u00bbvisible\u00a0\u00bb overlay_strength=\u00a0\u00bb0.3&Prime; gradient_direction=\u00a0\u00bbleft_to_right\u00a0\u00bb shape_divider_position=\u00a0\u00bbbottom\u00a0\u00bb bg_image_animation=\u00a0\u00bbnone\u00a0\u00bb][vc_column column_padding=\u00a0\u00bbno-extra-padding\u00a0\u00bb column_padding_tablet=\u00a0\u00bbinherit\u00a0\u00bb column_padding_phone=\u00a0\u00bbinherit\u00a0\u00bb column_padding_position=\u00a0\u00bball\u00a0\u00bb column_element_direction_desktop=\u00a0\u00bbdefault\u00a0\u00bb column_element_spacing=\u00a0\u00bbdefault\u00a0\u00bb desktop_text_alignment=\u00a0\u00bbdefault\u00a0\u00bb tablet_text_alignment=\u00a0\u00bbdefault\u00a0\u00bb&#8230;<\/p>\n","protected":false},"author":3,"featured_media":0,"parent":0,"menu_order":0,"comment_status":"closed","ping_status":"closed","template":"","meta":{"inline_featured_image":false,"footnotes":""},"class_list":["post-6177","page","type-page","status-publish"],"yoast_head":"<!-- This site is optimized with the Yoast SEO plugin v27.3 - https:\/\/yoast.com\/product\/yoast-seo-wordpress\/ -->\n<title>Bougies parfum\u00e9es haut de gamme livr\u00e9es chez vous<\/title>\n<meta name=\"description\" content=\"Site Web LE VOYAGE COMMENCE ICI : vente de produits et services haut de gamme destin\u00e9es bien \u00eatre, voyage, voyage int\u00e9rieur et d\u00e9paysement.\" \/>\n<meta name=\"robots\" content=\"index, follow, max-snippet:-1, max-image-preview:large, max-video-preview:-1\" \/>\n<link rel=\"canonical\" href=\"https:\/\/levoyagecommenceici.com\/index.php\/conditions-generales-dutilisation\/\" \/>\n<meta property=\"og:locale\" content=\"fr_FR\" \/>\n<meta property=\"og:type\" content=\"article\" \/>\n<meta property=\"og:title\" content=\"Bougies parfum\u00e9es haut de gamme livr\u00e9es chez vous\" \/>\n<meta property=\"og:description\" content=\"Site Web LE VOYAGE COMMENCE ICI : vente de produits et services haut de gamme destin\u00e9es bien \u00eatre, voyage, voyage int\u00e9rieur et d\u00e9paysement.\" \/>\n<meta property=\"og:url\" content=\"https:\/\/levoyagecommenceici.com\/index.php\/conditions-generales-dutilisation\/\" \/>\n<meta property=\"og:site_name\" content=\"LVCI\" \/>\n<meta property=\"article:modified_time\" content=\"2025-12-13T10:34:05+00:00\" \/>\n<meta property=\"og:image\" content=\"https:\/\/levoyagecommenceici.com\/wp-content\/uploads\/2025\/05\/cropped-LVCI_logo-ref.png\" \/>\n\t<meta property=\"og:image:width\" content=\"512\" \/>\n\t<meta property=\"og:image:height\" content=\"512\" \/>\n\t<meta property=\"og:image:type\" content=\"image\/png\" \/>\n<meta name=\"twitter:card\" content=\"summary_large_image\" \/>\n<meta name=\"twitter:label1\" content=\"Dur\u00e9e de lecture estim\u00e9e\" \/>\n\t<meta name=\"twitter:data1\" content=\"3 minutes\" \/>\n<script type=\"application\/ld+json\" class=\"yoast-schema-graph\">{\"@context\":\"https:\\\/\\\/schema.org\",\"@graph\":[{\"@type\":\"WebPage\",\"@id\":\"https:\\\/\\\/levoyagecommenceici.com\\\/index.php\\\/conditions-generales-dutilisation\\\/\",\"url\":\"https:\\\/\\\/levoyagecommenceici.com\\\/index.php\\\/conditions-generales-dutilisation\\\/\",\"name\":\"Bougies parfum\u00e9es haut de gamme livr\u00e9es chez vous\",\"isPartOf\":{\"@id\":\"https:\\\/\\\/levoyagecommenceici.com\\\/#website\"},\"datePublished\":\"2025-04-17T04:20:52+00:00\",\"dateModified\":\"2025-12-13T10:34:05+00:00\",\"description\":\"Site Web LE VOYAGE COMMENCE ICI : vente de produits et services haut de gamme destin\u00e9es bien \u00eatre, voyage, voyage int\u00e9rieur et d\u00e9paysement.\",\"breadcrumb\":{\"@id\":\"https:\\\/\\\/levoyagecommenceici.com\\\/index.php\\\/conditions-generales-dutilisation\\\/#breadcrumb\"},\"inLanguage\":\"fr-FR\",\"potentialAction\":[{\"@type\":\"ReadAction\",\"target\":[\"https:\\\/\\\/levoyagecommenceici.com\\\/index.php\\\/conditions-generales-dutilisation\\\/\"]}]},{\"@type\":\"BreadcrumbList\",\"@id\":\"https:\\\/\\\/levoyagecommenceici.com\\\/index.php\\\/conditions-generales-dutilisation\\\/#breadcrumb\",\"itemListElement\":[{\"@type\":\"ListItem\",\"position\":1,\"name\":\"Accueil\",\"item\":\"https:\\\/\\\/levoyagecommenceici.com\\\/\"},{\"@type\":\"ListItem\",\"position\":2,\"name\":\"conditions g\u00e9n\u00e9rales d&rsquo;utilisation\"}]},{\"@type\":\"WebSite\",\"@id\":\"https:\\\/\\\/levoyagecommenceici.com\\\/#website\",\"url\":\"https:\\\/\\\/levoyagecommenceici.com\\\/\",\"name\":\"LVCI\",\"description\":\"Le Voyage Commence ICI\",\"potentialAction\":[{\"@type\":\"SearchAction\",\"target\":{\"@type\":\"EntryPoint\",\"urlTemplate\":\"https:\\\/\\\/levoyagecommenceici.com\\\/?s={search_term_string}\"},\"query-input\":{\"@type\":\"PropertyValueSpecification\",\"valueRequired\":true,\"valueName\":\"search_term_string\"}}],\"inLanguage\":\"fr-FR\"}]}<\/script>\n<!-- \/ Yoast SEO plugin. -->","yoast_head_json":{"title":"Bougies parfum\u00e9es haut de gamme livr\u00e9es chez vous","description":"Site Web LE VOYAGE COMMENCE ICI : vente de produits et services haut de gamme destin\u00e9es bien \u00eatre, voyage, voyage int\u00e9rieur et d\u00e9paysement.","robots":{"index":"index","follow":"follow","max-snippet":"max-snippet:-1","max-image-preview":"max-image-preview:large","max-video-preview":"max-video-preview:-1"},"canonical":"https:\/\/levoyagecommenceici.com\/index.php\/conditions-generales-dutilisation\/","og_locale":"fr_FR","og_type":"article","og_title":"Bougies parfum\u00e9es haut de gamme livr\u00e9es chez vous","og_description":"Site Web LE VOYAGE COMMENCE ICI : vente de produits et services haut de gamme destin\u00e9es bien \u00eatre, voyage, voyage int\u00e9rieur et d\u00e9paysement.","og_url":"https:\/\/levoyagecommenceici.com\/index.php\/conditions-generales-dutilisation\/","og_site_name":"LVCI","article_modified_time":"2025-12-13T10:34:05+00:00","og_image":[{"width":512,"height":512,"url":"https:\/\/levoyagecommenceici.com\/wp-content\/uploads\/2025\/05\/cropped-LVCI_logo-ref.png","type":"image\/png"}],"twitter_card":"summary_large_image","twitter_misc":{"Dur\u00e9e de lecture estim\u00e9e":"3 minutes"},"schema":{"@context":"https:\/\/schema.org","@graph":[{"@type":"WebPage","@id":"https:\/\/levoyagecommenceici.com\/index.php\/conditions-generales-dutilisation\/","url":"https:\/\/levoyagecommenceici.com\/index.php\/conditions-generales-dutilisation\/","name":"Bougies parfum\u00e9es haut de gamme livr\u00e9es chez vous","isPartOf":{"@id":"https:\/\/levoyagecommenceici.com\/#website"},"datePublished":"2025-04-17T04:20:52+00:00","dateModified":"2025-12-13T10:34:05+00:00","description":"Site Web LE VOYAGE COMMENCE ICI : vente de produits et services haut de gamme destin\u00e9es bien \u00eatre, voyage, voyage int\u00e9rieur et d\u00e9paysement.","breadcrumb":{"@id":"https:\/\/levoyagecommenceici.com\/index.php\/conditions-generales-dutilisation\/#breadcrumb"},"inLanguage":"fr-FR","potentialAction":[{"@type":"ReadAction","target":["https:\/\/levoyagecommenceici.com\/index.php\/conditions-generales-dutilisation\/"]}]},{"@type":"BreadcrumbList","@id":"https:\/\/levoyagecommenceici.com\/index.php\/conditions-generales-dutilisation\/#breadcrumb","itemListElement":[{"@type":"ListItem","position":1,"name":"Accueil","item":"https:\/\/levoyagecommenceici.com\/"},{"@type":"ListItem","position":2,"name":"conditions g\u00e9n\u00e9rales d&rsquo;utilisation"}]},{"@type":"WebSite","@id":"https:\/\/levoyagecommenceici.com\/#website","url":"https:\/\/levoyagecommenceici.com\/","name":"LVCI","description":"Le Voyage Commence ICI","potentialAction":[{"@type":"SearchAction","target":{"@type":"EntryPoint","urlTemplate":"https:\/\/levoyagecommenceici.com\/?s={search_term_string}"},"query-input":{"@type":"PropertyValueSpecification","valueRequired":true,"valueName":"search_term_string"}}],"inLanguage":"fr-FR"}]}},"jetpack_sharing_enabled":true,"_links":{"self":[{"href":"https:\/\/levoyagecommenceici.com\/index.php\/wp-json\/wp\/v2\/pages\/6177","targetHints":{"allow":["GET"]}}],"collection":[{"href":"https:\/\/levoyagecommenceici.com\/index.php\/wp-json\/wp\/v2\/pages"}],"about":[{"href":"https:\/\/levoyagecommenceici.com\/index.php\/wp-json\/wp\/v2\/types\/page"}],"author":[{"embeddable":true,"href":"https:\/\/levoyagecommenceici.com\/index.php\/wp-json\/wp\/v2\/users\/3"}],"replies":[{"embeddable":true,"href":"https:\/\/levoyagecommenceici.com\/index.php\/wp-json\/wp\/v2\/comments?post=6177"}],"version-history":[{"count":4,"href":"https:\/\/levoyagecommenceici.com\/index.php\/wp-json\/wp\/v2\/pages\/6177\/revisions"}],"predecessor-version":[{"id":6240,"href":"https:\/\/levoyagecommenceici.com\/index.php\/wp-json\/wp\/v2\/pages\/6177\/revisions\/6240"}],"wp:attachment":[{"href":"https:\/\/levoyagecommenceici.com\/index.php\/wp-json\/wp\/v2\/media?parent=6177"}],"curies":[{"name":"wp","href":"https:\/\/api.w.org\/{rel}","templated":true}]}}