{"id":6179,"date":"2025-04-17T06:25:20","date_gmt":"2025-04-17T04:25:20","guid":{"rendered":"https:\/\/levoyagecommenceici.com\/?page_id=6179"},"modified":"2025-12-13T11:43:32","modified_gmt":"2025-12-13T10:43:32","slug":"politique-relative-aux-cookies","status":"publish","type":"page","link":"https:\/\/levoyagecommenceici.com\/index.php\/politique-relative-aux-cookies\/","title":{"rendered":"Politique relative aux cookies"},"content":{"rendered":"[vc_row type=\u00a0\u00bbin_container\u00a0\u00bb full_screen_row_position=\u00a0\u00bbmiddle\u00a0\u00bb column_margin=\u00a0\u00bbdefault\u00a0\u00bb column_direction=\u00a0\u00bbdefault\u00a0\u00bb column_direction_tablet=\u00a0\u00bbdefault\u00a0\u00bb column_direction_phone=\u00a0\u00bbdefault\u00a0\u00bb scene_position=\u00a0\u00bbcenter\u00a0\u00bb text_color=\u00a0\u00bbdark\u00a0\u00bb text_align=\u00a0\u00bbleft\u00a0\u00bb row_border_radius=\u00a0\u00bbnone\u00a0\u00bb row_border_radius_applies=\u00a0\u00bbbg\u00a0\u00bb overflow=\u00a0\u00bbvisible\u00a0\u00bb overlay_strength=\u00a0\u00bb0.3&Prime; gradient_direction=\u00a0\u00bbleft_to_right\u00a0\u00bb shape_divider_position=\u00a0\u00bbbottom\u00a0\u00bb bg_image_animation=\u00a0\u00bbnone\u00a0\u00bb][vc_column column_padding=\u00a0\u00bbno-extra-padding\u00a0\u00bb column_padding_tablet=\u00a0\u00bbinherit\u00a0\u00bb column_padding_phone=\u00a0\u00bbinherit\u00a0\u00bb column_padding_position=\u00a0\u00bball\u00a0\u00bb column_element_direction_desktop=\u00a0\u00bbdefault\u00a0\u00bb column_element_spacing=\u00a0\u00bbdefault\u00a0\u00bb desktop_text_alignment=\u00a0\u00bbdefault\u00a0\u00bb tablet_text_alignment=\u00a0\u00bbdefault\u00a0\u00bb phone_text_alignment=\u00a0\u00bbdefault\u00a0\u00bb background_color_opacity=\u00a0\u00bb1&Prime; background_hover_color_opacity=\u00a0\u00bb1&Prime; column_backdrop_filter=\u00a0\u00bbnone\u00a0\u00bb column_shadow=\u00a0\u00bbnone\u00a0\u00bb column_border_radius=\u00a0\u00bbnone\u00a0\u00bb column_link_target=\u00a0\u00bb_self\u00a0\u00bb column_position=\u00a0\u00bbdefault\u00a0\u00bb gradient_direction=\u00a0\u00bbleft_to_right\u00a0\u00bb overlay_strength=\u00a0\u00bb0.3&Prime; width=\u00a0\u00bb1\/1&Prime; tablet_width_inherit=\u00a0\u00bbdefault\u00a0\u00bb animation_type=\u00a0\u00bbdefault\u00a0\u00bb bg_image_animation=\u00a0\u00bbnone\u00a0\u00bb border_type=\u00a0\u00bbsimple\u00a0\u00bb column_border_width=\u00a0\u00bbnone\u00a0\u00bb column_border_style=\u00a0\u00bbsolid\u00a0\u00bb][vc_column_text css=\u00a0\u00bb\u00a0\u00bb text_direction=\u00a0\u00bbdefault\u00a0\u00bb]\n<h1 style=\"text-align: center;\">Politique relative aux cookies<\/h1>\n[\/vc_column_text][vc_column_text css=\u00a0\u00bb\u00a0\u00bb text_direction=\u00a0\u00bbdefault\u00a0\u00bb]<span style=\"font-weight: 400;\">Derni\u00e8re mise \u00e0 jour : Avril 2025<\/span><\/p>\n<p><span style=\"font-weight: 400;\">Lors de votre navigation sur notre site<\/span><a href=\"about:blank\"> <span style=\"font-weight: 400;\">www.levoyagecommenceici.com<\/span><\/a><span style=\"font-weight: 400;\">, des cookies LVCI peuvent \u00eatre d\u00e9pos\u00e9s sur votre terminal (ordinateur, tablette, smartphone\u2026). Cette Politique vous permet de mieux comprendre leur fonctionnement, leur utilit\u00e9, et vos droits en la mati\u00e8re.<\/span><\/p>\n<hr \/>\n<h3><b>1. Qu\u2019est-ce qu\u2019un cookie ?<\/b><\/h3>\n<p><span style=\"font-weight: 400;\">Un cookie est un petit fichier texte enregistr\u00e9 sur votre terminal lors de la consultation d\u2019un site internet. Il permet de stocker des informations relatives \u00e0 votre navigation (ex. pr\u00e9f\u00e9rences, panier, connexion, etc.).<\/span><\/p>\n<hr \/>\n<h3><b>2. Quels cookies utilisons-nous ?<\/b><\/h3>\n<h4><b>a) Cookies strictement n\u00e9cessaires<\/b><\/h4>\n<p><span style=\"font-weight: 400;\">Ces cookies sont essentiels au bon fonctionnement du Site (panier, session, s\u00e9curit\u00e9\u2026). Sans eux, certaines fonctionnalit\u00e9s ne seraient pas assur\u00e9es.<\/span><\/p>\n<h4><b>b) Cookies de performance et statistiques<\/b><\/h4>\n<p><span style=\"font-weight: 400;\">Ces cookies nous permettent d\u2019analyser l\u2019utilisation du Site (pages visit\u00e9es, temps pass\u00e9, taux de rebond\u2026) afin d\u2019en am\u00e9liorer la performance et l\u2019ergonomie.<\/span><span style=\"font-weight: 400;\"><br \/>\n<\/span><span style=\"font-weight: 400;\"> Exemples : Google Analytics, Matomo.<\/span><\/p>\n<h4><b>c) Cookies de personnalisation<\/b><\/h4>\n<p><span style=\"font-weight: 400;\">Ces cookies m\u00e9morisent vos choix (langue, pr\u00e9f\u00e9rences d\u2019affichage\u2026) pour am\u00e9liorer votre exp\u00e9rience.<\/span><\/p>\n<h4><b>d) Cookies marketing et r\u00e9seaux sociaux<\/b><\/h4>\n<p><span style=\"font-weight: 400;\">Ils permettent de vous proposer des publicit\u00e9s cibl\u00e9es ou de partager du contenu sur les r\u00e9seaux sociaux (Facebook, Instagram, Pinterest\u2026).<\/span><span style=\"font-weight: 400;\"><br \/>\n<\/span><span style=\"font-weight: 400;\"> Ces cookies sont plac\u00e9s par des services tiers et soumis \u00e0 leurs propres politiques de confidentialit\u00e9.<\/span><\/p>\n<hr \/>\n<h3><b>3. Dur\u00e9e de conservation<\/b><\/h3>\n<p><span style=\"font-weight: 400;\">La dur\u00e9e maximale de conservation des cookies est de <\/span><b>13 mois<\/b><span style=\"font-weight: 400;\"> \u00e0 compter de leur d\u00e9p\u00f4t sur votre terminal. \u00c0 l\u2019issue de ce d\u00e9lai, votre consentement sera de nouveau requis.<\/span><\/p>\n<hr \/>\n<h3><b>4. Gestion de vos pr\u00e9f\u00e9rences<\/b><\/h3>\n<p><span style=\"font-weight: 400;\">Lors de votre premi\u00e8re visite, une <\/span><b>banni\u00e8re de consentement<\/b><span style=\"font-weight: 400;\"> vous permet d\u2019accepter, refuser ou personnaliser l\u2019usage des cookies non essentiels. Vous pouvez modifier vos pr\u00e9f\u00e9rences \u00e0 tout moment en cliquant sur le lien [G\u00e9rer mes cookies] en bas de page. Les cookies strictement n\u00e9cessaires ne peuvent pas \u00eatre d\u00e9sactiv\u00e9s, car ils sont indispensables au fonctionnement du Site.<\/span><\/p>\n<hr \/>\n<h3><b>5. Vos droits<\/b><\/h3>\n<p><span style=\"font-weight: 400;\">Conform\u00e9ment au RGPD, vous disposez d\u2019un droit d\u2019acc\u00e8s, de rectification, de suppression et d\u2019opposition au traitement de vos donn\u00e9es personnelles. Pour exercer vos droits, vous pouvez nous contacter \u00e0 : <\/span><a href=\"mailto:levoyagecommenceici@gmail.com\"><span style=\"font-weight: 400;\">levoyagecommenceici@gmail.com<\/span><\/a><span style=\"font-weight: 400;\">\u00a0 <\/span><span style=\"font-weight: 400;\"><br \/>\n<\/span><\/p>\n<hr \/>\n<h3><b>6. Contact<\/b><\/h3>\n<p><span style=\"font-weight: 400;\">Pour toute question relative \u00e0 notre Politique cookies, vous pouvez nous \u00e9crire \u00e0 :<\/span><span style=\"font-weight: 400;\"><br \/>\n<\/span><span style=\"font-weight: 400;\"><a href=\"https:\/\/www.instagram.com\/levoyagecommence.ici\/\" target=\"_blank\" rel=\"noopener\">LVCI<\/a> SAS, R\u00e9sidence de Flandres, Avenue de Flandres \u00e0 Croix.<\/span><span style=\"font-weight: 400;\"><br \/>\n<\/span><span style=\"font-weight: 400;\">Email : <\/span><a href=\"mailto:levoyagecommenceici@gmail.com\"><span style=\"font-weight: 400;\">levoyagecommenceici@gmail.com<\/span><\/a><span style=\"font-weight: 400;\">\u00a0\u00a0<\/span>[\/vc_column_text][\/vc_column][\/vc_row]\n","protected":false},"excerpt":{"rendered":"<p>[vc_row type=\u00a0\u00bbin_container\u00a0\u00bb full_screen_row_position=\u00a0\u00bbmiddle\u00a0\u00bb column_margin=\u00a0\u00bbdefault\u00a0\u00bb column_direction=\u00a0\u00bbdefault\u00a0\u00bb column_direction_tablet=\u00a0\u00bbdefault\u00a0\u00bb column_direction_phone=\u00a0\u00bbdefault\u00a0\u00bb scene_position=\u00a0\u00bbcenter\u00a0\u00bb text_color=\u00a0\u00bbdark\u00a0\u00bb text_align=\u00a0\u00bbleft\u00a0\u00bb row_border_radius=\u00a0\u00bbnone\u00a0\u00bb row_border_radius_applies=\u00a0\u00bbbg\u00a0\u00bb overflow=\u00a0\u00bbvisible\u00a0\u00bb overlay_strength=\u00a0\u00bb0.3&Prime; gradient_direction=\u00a0\u00bbleft_to_right\u00a0\u00bb shape_divider_position=\u00a0\u00bbbottom\u00a0\u00bb bg_image_animation=\u00a0\u00bbnone\u00a0\u00bb][vc_column column_padding=\u00a0\u00bbno-extra-padding\u00a0\u00bb column_padding_tablet=\u00a0\u00bbinherit\u00a0\u00bb column_padding_phone=\u00a0\u00bbinherit\u00a0\u00bb column_padding_position=\u00a0\u00bball\u00a0\u00bb column_element_direction_desktop=\u00a0\u00bbdefault\u00a0\u00bb column_element_spacing=\u00a0\u00bbdefault\u00a0\u00bb desktop_text_alignment=\u00a0\u00bbdefault\u00a0\u00bb tablet_text_alignment=\u00a0\u00bbdefault\u00a0\u00bb&#8230;<\/p>\n","protected":false},"author":3,"featured_media":0,"parent":0,"menu_order":0,"comment_status":"closed","ping_status":"closed","template":"","meta":{"inline_featured_image":false,"footnotes":""},"class_list":["post-6179","page","type-page","status-publish"],"yoast_head":"<!-- This site is optimized with the Yoast SEO plugin v27.3 - https:\/\/yoast.com\/product\/yoast-seo-wordpress\/ -->\n<title>Politique relative aux cookies LVCI - Vente en ligne de bougies<\/title>\n<meta name=\"description\" content=\"Bougies parfum\u00e9es de luxe, destinations, th\u00e8me Summer : politique relative aux cookies LVCI, vente en ligne et en concept stores\" \/>\n<meta name=\"robots\" content=\"index, follow, max-snippet:-1, max-image-preview:large, max-video-preview:-1\" \/>\n<link rel=\"canonical\" href=\"https:\/\/levoyagecommenceici.com\/index.php\/politique-relative-aux-cookies\/\" \/>\n<meta property=\"og:locale\" content=\"fr_FR\" \/>\n<meta property=\"og:type\" content=\"article\" \/>\n<meta property=\"og:title\" content=\"Politique relative aux cookies LVCI - Vente en ligne de bougies\" \/>\n<meta property=\"og:description\" content=\"Bougies parfum\u00e9es de luxe, destinations, th\u00e8me Summer : politique relative aux cookies LVCI, vente en ligne et en concept stores\" \/>\n<meta property=\"og:url\" content=\"https:\/\/levoyagecommenceici.com\/index.php\/politique-relative-aux-cookies\/\" \/>\n<meta property=\"og:site_name\" content=\"LVCI\" \/>\n<meta property=\"article:modified_time\" content=\"2025-12-13T10:43:32+00:00\" \/>\n<meta property=\"og:image\" content=\"https:\/\/levoyagecommenceici.com\/wp-content\/uploads\/2025\/05\/cropped-LVCI_logo-ref.png\" \/>\n\t<meta property=\"og:image:width\" content=\"512\" \/>\n\t<meta property=\"og:image:height\" content=\"512\" \/>\n\t<meta property=\"og:image:type\" content=\"image\/png\" \/>\n<meta name=\"twitter:card\" content=\"summary_large_image\" \/>\n<meta name=\"twitter:label1\" content=\"Dur\u00e9e de lecture estim\u00e9e\" \/>\n\t<meta name=\"twitter:data1\" content=\"2 minutes\" \/>\n<script type=\"application\/ld+json\" class=\"yoast-schema-graph\">{\"@context\":\"https:\\\/\\\/schema.org\",\"@graph\":[{\"@type\":\"WebPage\",\"@id\":\"https:\\\/\\\/levoyagecommenceici.com\\\/index.php\\\/politique-relative-aux-cookies\\\/\",\"url\":\"https:\\\/\\\/levoyagecommenceici.com\\\/index.php\\\/politique-relative-aux-cookies\\\/\",\"name\":\"Politique relative aux cookies LVCI - Vente en ligne de bougies\",\"isPartOf\":{\"@id\":\"https:\\\/\\\/levoyagecommenceici.com\\\/#website\"},\"datePublished\":\"2025-04-17T04:25:20+00:00\",\"dateModified\":\"2025-12-13T10:43:32+00:00\",\"description\":\"Bougies parfum\u00e9es de luxe, destinations, th\u00e8me Summer : politique relative aux cookies LVCI, vente en ligne et en concept stores\",\"breadcrumb\":{\"@id\":\"https:\\\/\\\/levoyagecommenceici.com\\\/index.php\\\/politique-relative-aux-cookies\\\/#breadcrumb\"},\"inLanguage\":\"fr-FR\",\"potentialAction\":[{\"@type\":\"ReadAction\",\"target\":[\"https:\\\/\\\/levoyagecommenceici.com\\\/index.php\\\/politique-relative-aux-cookies\\\/\"]}]},{\"@type\":\"BreadcrumbList\",\"@id\":\"https:\\\/\\\/levoyagecommenceici.com\\\/index.php\\\/politique-relative-aux-cookies\\\/#breadcrumb\",\"itemListElement\":[{\"@type\":\"ListItem\",\"position\":1,\"name\":\"Accueil\",\"item\":\"https:\\\/\\\/levoyagecommenceici.com\\\/\"},{\"@type\":\"ListItem\",\"position\":2,\"name\":\"Politique relative aux cookies\"}]},{\"@type\":\"WebSite\",\"@id\":\"https:\\\/\\\/levoyagecommenceici.com\\\/#website\",\"url\":\"https:\\\/\\\/levoyagecommenceici.com\\\/\",\"name\":\"LVCI\",\"description\":\"Le Voyage Commence ICI\",\"potentialAction\":[{\"@type\":\"SearchAction\",\"target\":{\"@type\":\"EntryPoint\",\"urlTemplate\":\"https:\\\/\\\/levoyagecommenceici.com\\\/?s={search_term_string}\"},\"query-input\":{\"@type\":\"PropertyValueSpecification\",\"valueRequired\":true,\"valueName\":\"search_term_string\"}}],\"inLanguage\":\"fr-FR\"}]}<\/script>\n<!-- \/ Yoast SEO plugin. -->","yoast_head_json":{"title":"Politique relative aux cookies LVCI - Vente en ligne de bougies","description":"Bougies parfum\u00e9es de luxe, destinations, th\u00e8me Summer : politique relative aux cookies LVCI, vente en ligne et en concept stores","robots":{"index":"index","follow":"follow","max-snippet":"max-snippet:-1","max-image-preview":"max-image-preview:large","max-video-preview":"max-video-preview:-1"},"canonical":"https:\/\/levoyagecommenceici.com\/index.php\/politique-relative-aux-cookies\/","og_locale":"fr_FR","og_type":"article","og_title":"Politique relative aux cookies LVCI - Vente en ligne de bougies","og_description":"Bougies parfum\u00e9es de luxe, destinations, th\u00e8me Summer : politique relative aux cookies LVCI, vente en ligne et en concept stores","og_url":"https:\/\/levoyagecommenceici.com\/index.php\/politique-relative-aux-cookies\/","og_site_name":"LVCI","article_modified_time":"2025-12-13T10:43:32+00:00","og_image":[{"width":512,"height":512,"url":"https:\/\/levoyagecommenceici.com\/wp-content\/uploads\/2025\/05\/cropped-LVCI_logo-ref.png","type":"image\/png"}],"twitter_card":"summary_large_image","twitter_misc":{"Dur\u00e9e de lecture estim\u00e9e":"2 minutes"},"schema":{"@context":"https:\/\/schema.org","@graph":[{"@type":"WebPage","@id":"https:\/\/levoyagecommenceici.com\/index.php\/politique-relative-aux-cookies\/","url":"https:\/\/levoyagecommenceici.com\/index.php\/politique-relative-aux-cookies\/","name":"Politique relative aux cookies LVCI - Vente en ligne de bougies","isPartOf":{"@id":"https:\/\/levoyagecommenceici.com\/#website"},"datePublished":"2025-04-17T04:25:20+00:00","dateModified":"2025-12-13T10:43:32+00:00","description":"Bougies parfum\u00e9es de luxe, destinations, th\u00e8me Summer : politique relative aux cookies LVCI, vente en ligne et en concept stores","breadcrumb":{"@id":"https:\/\/levoyagecommenceici.com\/index.php\/politique-relative-aux-cookies\/#breadcrumb"},"inLanguage":"fr-FR","potentialAction":[{"@type":"ReadAction","target":["https:\/\/levoyagecommenceici.com\/index.php\/politique-relative-aux-cookies\/"]}]},{"@type":"BreadcrumbList","@id":"https:\/\/levoyagecommenceici.com\/index.php\/politique-relative-aux-cookies\/#breadcrumb","itemListElement":[{"@type":"ListItem","position":1,"name":"Accueil","item":"https:\/\/levoyagecommenceici.com\/"},{"@type":"ListItem","position":2,"name":"Politique relative aux cookies"}]},{"@type":"WebSite","@id":"https:\/\/levoyagecommenceici.com\/#website","url":"https:\/\/levoyagecommenceici.com\/","name":"LVCI","description":"Le Voyage Commence ICI","potentialAction":[{"@type":"SearchAction","target":{"@type":"EntryPoint","urlTemplate":"https:\/\/levoyagecommenceici.com\/?s={search_term_string}"},"query-input":{"@type":"PropertyValueSpecification","valueRequired":true,"valueName":"search_term_string"}}],"inLanguage":"fr-FR"}]}},"jetpack_sharing_enabled":true,"_links":{"self":[{"href":"https:\/\/levoyagecommenceici.com\/index.php\/wp-json\/wp\/v2\/pages\/6179","targetHints":{"allow":["GET"]}}],"collection":[{"href":"https:\/\/levoyagecommenceici.com\/index.php\/wp-json\/wp\/v2\/pages"}],"about":[{"href":"https:\/\/levoyagecommenceici.com\/index.php\/wp-json\/wp\/v2\/types\/page"}],"author":[{"embeddable":true,"href":"https:\/\/levoyagecommenceici.com\/index.php\/wp-json\/wp\/v2\/users\/3"}],"replies":[{"embeddable":true,"href":"https:\/\/levoyagecommenceici.com\/index.php\/wp-json\/wp\/v2\/comments?post=6179"}],"version-history":[{"count":6,"href":"https:\/\/levoyagecommenceici.com\/index.php\/wp-json\/wp\/v2\/pages\/6179\/revisions"}],"predecessor-version":[{"id":6657,"href":"https:\/\/levoyagecommenceici.com\/index.php\/wp-json\/wp\/v2\/pages\/6179\/revisions\/6657"}],"wp:attachment":[{"href":"https:\/\/levoyagecommenceici.com\/index.php\/wp-json\/wp\/v2\/media?parent=6179"}],"curies":[{"name":"wp","href":"https:\/\/api.w.org\/{rel}","templated":true}]}}